{"id":211,"date":"2018-10-04T13:10:24","date_gmt":"2018-10-04T11:10:24","guid":{"rendered":"https:\/\/moselhotel-sonnenuhr.de\/?page_id=211"},"modified":"2021-05-02T18:50:37","modified_gmt":"2021-05-02T16:50:37","slug":"legal-informations","status":"publish","type":"page","link":"https:\/\/moselhotel-sonnenuhr.de\/en\/legal-informations\/","title":{"rendered":"Legal Informations"},"content":{"rendered":"\t\t<div data-elementor-type=\"wp-page\" data-elementor-id=\"211\" class=\"elementor elementor-211 elementor-19\" data-elementor-post-type=\"page\">\n\t\t\t\t\t\t<section class=\"elementor-section elementor-top-section elementor-element elementor-element-51bb329f elementor-section-boxed elementor-section-height-default elementor-section-height-default\" data-id=\"51bb329f\" data-element_type=\"section\">\n\t\t\t\t\t\t<div class=\"elementor-container elementor-column-gap-default\">\n\t\t\t\t\t<div class=\"elementor-column elementor-col-100 elementor-top-column elementor-element elementor-element-5d25ea18\" data-id=\"5d25ea18\" data-element_type=\"column\">\n\t\t\t<div class=\"elementor-widget-wrap elementor-element-populated\">\n\t\t\t\t\t\t<div class=\"elementor-element elementor-element-60708760 elementor-widget elementor-widget-text-editor\" data-id=\"60708760\" data-element_type=\"widget\" data-widget_type=\"text-editor.default\">\n\t\t\t\t<div class=\"elementor-widget-container\">\n\t\t\t\t\t\t\t\t\t<p><strong>Hotel Sonnenuhr<\/strong><br \/>Hotel-Besitz-und Betriebsgesellschaft \u201e\u00c4lteste Weinstube\u201c Bernkastel mbH<br \/>Kallenfelsstr. 25-27<br \/>54470 Bernkastel-Kues<br \/>Telefon: +49 6531 96550<br \/>Telefax: +49 6531 1432<br \/>E-Mail:\u00a0<a href=\"https:\/\/moselhotel-sonnenuhr.de\">info@moselhotel-sonnenuhr.de<\/a><br \/>Internet: www.<a href=\"info@moselhotel-sonnenuhr.de\">moselhotel-sonnenuhr.de<\/a><\/p><p>Vertretungsber. Gesch\u00e4ftsf\u00fchrer: Stefan Krebs<br \/>Registergericht: Amtsgericht Wittlich<br \/>Registernummer: HRB 21460<br \/>Umsatzsteuer-Id. gem\u00e4\u00df \u00a7 27a UStG: DE149944167<\/p><p>Inhaltlich Verantwortlicher gem\u00e4\u00df \u00a7 6 Abs. 2 MDStV:<br \/>Stefan Krebs (Anschrift wie oben)<\/p><p>Webdesign:\u00a0<a href=\"https:\/\/hartgekocht.net\/\" target=\"_blank\" rel=\"noopener noreferrer\">https:\/\/hartgekocht.net<\/a><br \/>WordPress-Programming:<a href=\"https:\/\/wp-spezialist.de\/\" target=\"_blank\" rel=\"noopener noreferrer\">\u00a0https:\/\/wp-spezialist.de<\/a><br \/>Translation:\u00a0https:\/\/www.deepl.com<a href=\"https:\/\/www.casustextet.de\/\" target=\"_blank\" rel=\"noopener noreferrer\"><br \/><\/a>Pictures:\u00a0<a href=\"https:\/\/tonimedia.de\/\" target=\"_blank\" rel=\"noopener noreferrer\">https:\/\/tonimedia.de<\/a><a href=\"https:\/\/www.casustextet.de\/\" target=\"_blank\" rel=\"noopener noreferrer\"><br \/><\/a><\/p><p><strong>Liability for contents<\/strong><br \/>The contents of our pages have been compiled with the greatest care. However, we cannot assume any liability for the correctness, completeness and topicality of the contents. As a service provider we are responsible according to \u00a7 7 Abs.1 TMG for our own contents on these pages according to the general laws. According to \u00a7\u00a7 8 to 10 TMG, we are not obliged as a service provider to monitor transmitted or stored third-party information or to investigate circumstances that indicate illegal activity. Obligations to remove or block the use of information in accordance with general laws remain unaffected by this. However, liability in this respect is only possible from the time of knowledge of a concrete violation of the law. As soon as we become aware of such infringements, we will remove the content immediately.<\/p><p><strong>Liability for links<\/strong><br \/>Our offer contains links to external websites of third parties, on whose contents we have no influence. Therefore, we cannot assume any liability for these external contents. The respective provider or operator of the pages is always responsible for the contents of the linked pages. The linked pages were checked for possible legal infringements at the time of linking. Illegal contents were not recognizable at the time of linking. However, a permanent control of the contents of the linked pages is not reasonable without concrete evidence of a violation of the law. As soon as we become aware of any legal infringements, we will remove such links immediately.<\/p><p><strong>Copyright<\/strong><br \/>The contents and works on these pages created by the site operators are subject to German copyright law. The duplication, processing, distribution and any kind of use outside the limits of copyright law require the written consent of the respective author or creator. Downloads and copies of these pages are only permitted for private, non-commercial use. Insofar as the content on this site was not created by the operator, the copyrights of third parties are respected. In particular contents of third parties are marked as such. Should you nevertheless become aware of an infringement of copyright, please inform us accordingly. As soon as we become aware of any infringements, we will remove such content immediately.<\/p><p><strong>Online settlement of disputes according to Art. 14 para. 1 ODR-VO:<\/strong><br \/>The European Commission provides a platform for online dispute resolution (OS), which you can find at https:\/\/ec.europa.eu\/consumers\/odr\/ .<\/p>\t\t\t\t\t\t\t\t<\/div>\n\t\t\t\t<\/div>\n\t\t\t\t\t<\/div>\n\t\t<\/div>\n\t\t\t\t\t<\/div>\n\t\t<\/section>\n\t\t\t\t<\/div>\n\t\t","protected":false},"excerpt":{"rendered":"<p>Hotel SonnenuhrHotel-Besitz-und Betriebsgesellschaft \u201e\u00c4lteste Weinstube\u201c Bernkastel mbHKallenfelsstr. 25-2754470 Bernkastel-KuesTelefon: +49 6531 96550Telefax: +49 6531 1432E-Mail:\u00a0info@moselhotel-sonnenuhr.deInternet: www.moselhotel-sonnenuhr.de Vertretungsber. Gesch\u00e4ftsf\u00fchrer: Stefan KrebsRegistergericht: Amtsgericht WittlichRegisternummer: HRB 21460Umsatzsteuer-Id. gem\u00e4\u00df \u00a7 27a UStG: DE149944167 Inhaltlich Verantwortlicher gem\u00e4\u00df \u00a7 6 Abs. 2 MDStV:Stefan Krebs (Anschrift wie oben) Webdesign:\u00a0https:\/\/hartgekocht.netWordPress-Programming:\u00a0https:\/\/wp-spezialist.deTranslation:\u00a0https:\/\/www.deepl.comPictures:\u00a0https:\/\/tonimedia.de Liability for contentsThe contents of our pages have been compiled with the greatest [&hellip;]<\/p>\n","protected":false},"author":2,"featured_media":29,"parent":0,"menu_order":0,"comment_status":"closed","ping_status":"closed","template":"","meta":{"_acf_changed":false,"footnotes":""},"class_list":["post-211","page","type-page","status-publish","has-post-thumbnail","hentry"],"acf":[],"yoast_head":"<!-- This site is optimized with the Yoast SEO plugin v26.8 - https:\/\/yoast.com\/product\/yoast-seo-wordpress\/ -->\n<title>Legal Informations - Moselhotel Sonnenuhr B&amp;B Bernkastel-Wehlen<\/title>\n<meta name=\"robots\" content=\"index, follow, max-snippet:-1, max-image-preview:large, max-video-preview:-1\" \/>\n<link rel=\"canonical\" href=\"https:\/\/moselhotel-sonnenuhr.de\/en\/legal-informations\/\" \/>\n<meta property=\"og:locale\" content=\"en_US\" \/>\n<meta property=\"og:type\" content=\"article\" \/>\n<meta property=\"og:title\" content=\"Legal Informations - Moselhotel Sonnenuhr B&amp;B Bernkastel-Wehlen\" \/>\n<meta property=\"og:description\" content=\"Hotel SonnenuhrHotel-Besitz-und Betriebsgesellschaft \u201e\u00c4lteste Weinstube\u201c Bernkastel mbHKallenfelsstr. 25-2754470 Bernkastel-KuesTelefon: +49 6531 96550Telefax: +49 6531 1432E-Mail:\u00a0info@moselhotel-sonnenuhr.deInternet: www.moselhotel-sonnenuhr.de Vertretungsber. Gesch\u00e4ftsf\u00fchrer: Stefan KrebsRegistergericht: Amtsgericht WittlichRegisternummer: HRB 21460Umsatzsteuer-Id. gem\u00e4\u00df \u00a7 27a UStG: DE149944167 Inhaltlich Verantwortlicher gem\u00e4\u00df \u00a7 6 Abs. 2 MDStV:Stefan Krebs (Anschrift wie oben) Webdesign:\u00a0https:\/\/hartgekocht.netWordPress-Programming:\u00a0https:\/\/wp-spezialist.deTranslation:\u00a0https:\/\/www.deepl.comPictures:\u00a0https:\/\/tonimedia.de Liability for contentsThe contents of our pages have been compiled with the greatest [&hellip;]\" \/>\n<meta property=\"og:url\" content=\"https:\/\/moselhotel-sonnenuhr.de\/en\/legal-informations\/\" \/>\n<meta property=\"og:site_name\" content=\"Moselhotel Sonnenuhr B&amp;B\" \/>\n<meta property=\"article:publisher\" content=\"https:\/\/www.facebook.com\/hotelmosel\/\" \/>\n<meta property=\"article:modified_time\" content=\"2021-05-02T16:50:37+00:00\" \/>\n<meta property=\"og:image\" content=\"https:\/\/moselhotel-sonnenuhr.de\/wp-content\/uploads\/2018\/09\/moselhotel_header.jpg\" \/>\n\t<meta property=\"og:image:width\" content=\"1540\" \/>\n\t<meta property=\"og:image:height\" content=\"820\" \/>\n\t<meta property=\"og:image:type\" content=\"image\/jpeg\" \/>\n<meta name=\"twitter:card\" content=\"summary_large_image\" \/>\n<meta name=\"twitter:site\" content=\"@moselhotel\" \/>\n<meta name=\"twitter:label1\" content=\"Est. reading time\" \/>\n\t<meta name=\"twitter:data1\" content=\"2 minutes\" \/>\n<script type=\"application\/ld+json\" class=\"yoast-schema-graph\">{\"@context\":\"https:\/\/schema.org\",\"@graph\":[{\"@type\":\"WebPage\",\"@id\":\"https:\/\/moselhotel-sonnenuhr.de\/en\/legal-informations\/\",\"url\":\"https:\/\/moselhotel-sonnenuhr.de\/en\/legal-informations\/\",\"name\":\"Legal Informations - Moselhotel Sonnenuhr B&amp;B Bernkastel-Wehlen\",\"isPartOf\":{\"@id\":\"https:\/\/moselhotel-sonnenuhr.de\/#website\"},\"primaryImageOfPage\":{\"@id\":\"https:\/\/moselhotel-sonnenuhr.de\/en\/legal-informations\/#primaryimage\"},\"image\":{\"@id\":\"https:\/\/moselhotel-sonnenuhr.de\/en\/legal-informations\/#primaryimage\"},\"thumbnailUrl\":\"https:\/\/moselhotel-sonnenuhr.de\/wp-content\/uploads\/2018\/09\/moselhotel_header.jpg\",\"datePublished\":\"2018-10-04T11:10:24+00:00\",\"dateModified\":\"2021-05-02T16:50:37+00:00\",\"breadcrumb\":{\"@id\":\"https:\/\/moselhotel-sonnenuhr.de\/en\/legal-informations\/#breadcrumb\"},\"inLanguage\":\"en-US\",\"potentialAction\":[{\"@type\":\"ReadAction\",\"target\":[\"https:\/\/moselhotel-sonnenuhr.de\/en\/legal-informations\/\"]}]},{\"@type\":\"ImageObject\",\"inLanguage\":\"en-US\",\"@id\":\"https:\/\/moselhotel-sonnenuhr.de\/en\/legal-informations\/#primaryimage\",\"url\":\"https:\/\/moselhotel-sonnenuhr.de\/wp-content\/uploads\/2018\/09\/moselhotel_header.jpg\",\"contentUrl\":\"https:\/\/moselhotel-sonnenuhr.de\/wp-content\/uploads\/2018\/09\/moselhotel_header.jpg\",\"width\":1540,\"height\":820,\"caption\":\"Blick von Wehlen auf die Zeltinger Sonnenuhr\"},{\"@type\":\"BreadcrumbList\",\"@id\":\"https:\/\/moselhotel-sonnenuhr.de\/en\/legal-informations\/#breadcrumb\",\"itemListElement\":[{\"@type\":\"ListItem\",\"position\":1,\"name\":\"Startseite\",\"item\":\"https:\/\/moselhotel-sonnenuhr.de\/\"},{\"@type\":\"ListItem\",\"position\":2,\"name\":\"Legal Informations\"}]},{\"@type\":\"WebSite\",\"@id\":\"https:\/\/moselhotel-sonnenuhr.de\/#website\",\"url\":\"https:\/\/moselhotel-sonnenuhr.de\/\",\"name\":\"Moselhotel Sonnenuhr\",\"description\":\"The hotel on the Mosel in Bernkastel-Wehlen\",\"publisher\":{\"@id\":\"https:\/\/moselhotel-sonnenuhr.de\/#organization\"},\"potentialAction\":[{\"@type\":\"SearchAction\",\"target\":{\"@type\":\"EntryPoint\",\"urlTemplate\":\"https:\/\/moselhotel-sonnenuhr.de\/?s={search_term_string}\"},\"query-input\":{\"@type\":\"PropertyValueSpecification\",\"valueRequired\":true,\"valueName\":\"search_term_string\"}}],\"inLanguage\":\"en-US\"},{\"@type\":\"Organization\",\"@id\":\"https:\/\/moselhotel-sonnenuhr.de\/#organization\",\"name\":\"Moselhotel Sonnenuhr\",\"url\":\"https:\/\/moselhotel-sonnenuhr.de\/\",\"logo\":{\"@type\":\"ImageObject\",\"inLanguage\":\"en-US\",\"@id\":\"https:\/\/moselhotel-sonnenuhr.de\/#\/schema\/logo\/image\/\",\"url\":\"https:\/\/moselhotel-sonnenuhr.de\/wp-content\/uploads\/logos\/MHS_Logo_RGB.svg\",\"contentUrl\":\"https:\/\/moselhotel-sonnenuhr.de\/wp-content\/uploads\/logos\/MHS_Logo_RGB.svg\",\"width\":224,\"height\":129,\"caption\":\"Moselhotel Sonnenuhr\"},\"image\":{\"@id\":\"https:\/\/moselhotel-sonnenuhr.de\/#\/schema\/logo\/image\/\"},\"sameAs\":[\"https:\/\/www.facebook.com\/hotelmosel\/\",\"https:\/\/x.com\/moselhotel\",\"https:\/\/www.instagram.com\/moselhotel\/\",\"https:\/\/www.youtube.com\/channel\/UCcRPLv0w3vpTtr01zDX2NRg\"]}]}<\/script>\n<!-- \/ Yoast SEO plugin. -->","yoast_head_json":{"title":"Legal Informations - Moselhotel Sonnenuhr B&amp;B Bernkastel-Wehlen","robots":{"index":"index","follow":"follow","max-snippet":"max-snippet:-1","max-image-preview":"max-image-preview:large","max-video-preview":"max-video-preview:-1"},"canonical":"https:\/\/moselhotel-sonnenuhr.de\/en\/legal-informations\/","og_locale":"en_US","og_type":"article","og_title":"Legal Informations - Moselhotel Sonnenuhr B&amp;B Bernkastel-Wehlen","og_description":"Hotel SonnenuhrHotel-Besitz-und Betriebsgesellschaft \u201e\u00c4lteste Weinstube\u201c Bernkastel mbHKallenfelsstr. 25-2754470 Bernkastel-KuesTelefon: +49 6531 96550Telefax: +49 6531 1432E-Mail:\u00a0info@moselhotel-sonnenuhr.deInternet: www.moselhotel-sonnenuhr.de Vertretungsber. Gesch\u00e4ftsf\u00fchrer: Stefan KrebsRegistergericht: Amtsgericht WittlichRegisternummer: HRB 21460Umsatzsteuer-Id. gem\u00e4\u00df \u00a7 27a UStG: DE149944167 Inhaltlich Verantwortlicher gem\u00e4\u00df \u00a7 6 Abs. 2 MDStV:Stefan Krebs (Anschrift wie oben) Webdesign:\u00a0https:\/\/hartgekocht.netWordPress-Programming:\u00a0https:\/\/wp-spezialist.deTranslation:\u00a0https:\/\/www.deepl.comPictures:\u00a0https:\/\/tonimedia.de Liability for contentsThe contents of our pages have been compiled with the greatest [&hellip;]","og_url":"https:\/\/moselhotel-sonnenuhr.de\/en\/legal-informations\/","og_site_name":"Moselhotel Sonnenuhr B&amp;B","article_publisher":"https:\/\/www.facebook.com\/hotelmosel\/","article_modified_time":"2021-05-02T16:50:37+00:00","og_image":[{"width":1540,"height":820,"url":"https:\/\/moselhotel-sonnenuhr.de\/wp-content\/uploads\/2018\/09\/moselhotel_header.jpg","type":"image\/jpeg"}],"twitter_card":"summary_large_image","twitter_site":"@moselhotel","twitter_misc":{"Est. reading time":"2 minutes"},"schema":{"@context":"https:\/\/schema.org","@graph":[{"@type":"WebPage","@id":"https:\/\/moselhotel-sonnenuhr.de\/en\/legal-informations\/","url":"https:\/\/moselhotel-sonnenuhr.de\/en\/legal-informations\/","name":"Legal Informations - Moselhotel Sonnenuhr B&amp;B Bernkastel-Wehlen","isPartOf":{"@id":"https:\/\/moselhotel-sonnenuhr.de\/#website"},"primaryImageOfPage":{"@id":"https:\/\/moselhotel-sonnenuhr.de\/en\/legal-informations\/#primaryimage"},"image":{"@id":"https:\/\/moselhotel-sonnenuhr.de\/en\/legal-informations\/#primaryimage"},"thumbnailUrl":"https:\/\/moselhotel-sonnenuhr.de\/wp-content\/uploads\/2018\/09\/moselhotel_header.jpg","datePublished":"2018-10-04T11:10:24+00:00","dateModified":"2021-05-02T16:50:37+00:00","breadcrumb":{"@id":"https:\/\/moselhotel-sonnenuhr.de\/en\/legal-informations\/#breadcrumb"},"inLanguage":"en-US","potentialAction":[{"@type":"ReadAction","target":["https:\/\/moselhotel-sonnenuhr.de\/en\/legal-informations\/"]}]},{"@type":"ImageObject","inLanguage":"en-US","@id":"https:\/\/moselhotel-sonnenuhr.de\/en\/legal-informations\/#primaryimage","url":"https:\/\/moselhotel-sonnenuhr.de\/wp-content\/uploads\/2018\/09\/moselhotel_header.jpg","contentUrl":"https:\/\/moselhotel-sonnenuhr.de\/wp-content\/uploads\/2018\/09\/moselhotel_header.jpg","width":1540,"height":820,"caption":"Blick von Wehlen auf die Zeltinger Sonnenuhr"},{"@type":"BreadcrumbList","@id":"https:\/\/moselhotel-sonnenuhr.de\/en\/legal-informations\/#breadcrumb","itemListElement":[{"@type":"ListItem","position":1,"name":"Startseite","item":"https:\/\/moselhotel-sonnenuhr.de\/"},{"@type":"ListItem","position":2,"name":"Legal Informations"}]},{"@type":"WebSite","@id":"https:\/\/moselhotel-sonnenuhr.de\/#website","url":"https:\/\/moselhotel-sonnenuhr.de\/","name":"Moselhotel Sonnenuhr","description":"The hotel on the Mosel in Bernkastel-Wehlen","publisher":{"@id":"https:\/\/moselhotel-sonnenuhr.de\/#organization"},"potentialAction":[{"@type":"SearchAction","target":{"@type":"EntryPoint","urlTemplate":"https:\/\/moselhotel-sonnenuhr.de\/?s={search_term_string}"},"query-input":{"@type":"PropertyValueSpecification","valueRequired":true,"valueName":"search_term_string"}}],"inLanguage":"en-US"},{"@type":"Organization","@id":"https:\/\/moselhotel-sonnenuhr.de\/#organization","name":"Moselhotel Sonnenuhr","url":"https:\/\/moselhotel-sonnenuhr.de\/","logo":{"@type":"ImageObject","inLanguage":"en-US","@id":"https:\/\/moselhotel-sonnenuhr.de\/#\/schema\/logo\/image\/","url":"https:\/\/moselhotel-sonnenuhr.de\/wp-content\/uploads\/logos\/MHS_Logo_RGB.svg","contentUrl":"https:\/\/moselhotel-sonnenuhr.de\/wp-content\/uploads\/logos\/MHS_Logo_RGB.svg","width":224,"height":129,"caption":"Moselhotel Sonnenuhr"},"image":{"@id":"https:\/\/moselhotel-sonnenuhr.de\/#\/schema\/logo\/image\/"},"sameAs":["https:\/\/www.facebook.com\/hotelmosel\/","https:\/\/x.com\/moselhotel","https:\/\/www.instagram.com\/moselhotel\/","https:\/\/www.youtube.com\/channel\/UCcRPLv0w3vpTtr01zDX2NRg"]}]}},"_links":{"self":[{"href":"https:\/\/moselhotel-sonnenuhr.de\/en\/wp-json\/wp\/v2\/pages\/211","targetHints":{"allow":["GET"]}}],"collection":[{"href":"https:\/\/moselhotel-sonnenuhr.de\/en\/wp-json\/wp\/v2\/pages"}],"about":[{"href":"https:\/\/moselhotel-sonnenuhr.de\/en\/wp-json\/wp\/v2\/types\/page"}],"author":[{"embeddable":true,"href":"https:\/\/moselhotel-sonnenuhr.de\/en\/wp-json\/wp\/v2\/users\/2"}],"replies":[{"embeddable":true,"href":"https:\/\/moselhotel-sonnenuhr.de\/en\/wp-json\/wp\/v2\/comments?post=211"}],"version-history":[{"count":0,"href":"https:\/\/moselhotel-sonnenuhr.de\/en\/wp-json\/wp\/v2\/pages\/211\/revisions"}],"wp:featuredmedia":[{"embeddable":true,"href":"https:\/\/moselhotel-sonnenuhr.de\/en\/wp-json\/wp\/v2\/media\/29"}],"wp:attachment":[{"href":"https:\/\/moselhotel-sonnenuhr.de\/en\/wp-json\/wp\/v2\/media?parent=211"}],"curies":[{"name":"wp","href":"https:\/\/api.w.org\/{rel}","templated":true}]}}