{"id":209,"date":"2018-10-04T13:08:37","date_gmt":"2018-10-04T11:08:37","guid":{"rendered":"https:\/\/moselhotel-sonnenuhr.de\/?page_id=209"},"modified":"2021-04-27T13:04:15","modified_gmt":"2021-04-27T11:04:15","slug":"impressum","status":"publish","type":"page","link":"https:\/\/moselhotel-sonnenuhr.de\/nl\/impressum\/","title":{"rendered":"Impressum"},"content":{"rendered":"\t\t<div data-elementor-type=\"wp-page\" data-elementor-id=\"209\" class=\"elementor elementor-209 elementor-19\" data-elementor-post-type=\"page\">\n\t\t\t\t\t\t<section class=\"elementor-section elementor-top-section elementor-element elementor-element-4625055c elementor-section-boxed elementor-section-height-default elementor-section-height-default\" data-id=\"4625055c\" data-element_type=\"section\" data-e-type=\"section\">\n\t\t\t\t\t\t<div class=\"elementor-container elementor-column-gap-default\">\n\t\t\t\t\t<div class=\"elementor-column elementor-col-100 elementor-top-column elementor-element elementor-element-21bf5ddd\" data-id=\"21bf5ddd\" data-element_type=\"column\" data-e-type=\"column\">\n\t\t\t<div class=\"elementor-widget-wrap elementor-element-populated\">\n\t\t\t\t\t\t<div class=\"elementor-element elementor-element-82b2390 elementor-widget elementor-widget-heading\" data-id=\"82b2390\" data-element_type=\"widget\" data-e-type=\"widget\" data-widget_type=\"heading.default\">\n\t\t\t\t<div class=\"elementor-widget-container\">\n\t\t\t\t\t<h1 class=\"elementor-heading-title elementor-size-default\">Impressum<\/h1>\t\t\t\t<\/div>\n\t\t\t\t<\/div>\n\t\t\t\t<div class=\"elementor-element elementor-element-67e5ffa3 elementor-widget elementor-widget-text-editor\" data-id=\"67e5ffa3\" data-element_type=\"widget\" data-e-type=\"widget\" data-widget_type=\"text-editor.default\">\n\t\t\t\t<div class=\"elementor-widget-container\">\n\t\t\t\t\t\t\t\t\t<p><strong>Hotel Sonnenuhr<\/strong><br \/>Hotel-Besitz-und Betriebsgesellschaft \u201e\u00c4lteste Weinstube\u201c Bernkastel mbH<br \/>Kallenfelsstr. 25-27<br \/>54470 Bernkastel-Kues<br \/>Telefon: +49 6531 96550<br \/>Telefax: +49 6531 1432<br \/>E-Mail:\u00a0<a href=\"https:\/\/moselhotel-sonnenuhr.de\">info@moselhotel-sonnenuhr.de<\/a><br \/>Internet: www.<a href=\"info@moselhotel-sonnenuhr.de\">moselhotel-sonnenuhr.de<\/a><\/p><p>Vertretungsber. Gesch\u00e4ftsf\u00fchrer: Stefan Krebs<br \/>Registergericht: Amtsgericht Wittlich<br \/>Registernummer: HRB 21460<br \/>Umsatzsteuer-Id. gem\u00e4\u00df \u00a7 27a UStG: DE149944167<\/p><p>Inhaltlich Verantwortlicher gem\u00e4\u00df \u00a7 6 Abs. 2 MDStV:<br \/>Stefan Krebs (Anschrift wie oben)<\/p><p>Webdesign:\u00a0<a href=\"https:\/\/hartgekocht.net\/\" target=\"_blank\" rel=\"noopener\">https:\/\/hartgekocht.net<\/a><br \/>WordPress-programmering:<a href=\"https:\/\/wp-spezialist.de\/\" target=\"_blank\" rel=\"noopener\">\u00a0https:\/\/wp-spezialist.de<\/a><br \/>Vertaling:\u00a0https:\/\/www.deepl.com<a href=\"https:\/\/www.casustextet.de\/\" target=\"_blank\" rel=\"noopener\"><br \/><\/a>foto&#8217;s.:\u00a0<a href=\"https:\/\/tonimedia.de\/\" target=\"_blank\" rel=\"noopener\">https:\/\/tonimedia.de<\/a><a href=\"https:\/\/www.casustextet.de\/\" target=\"_blank\" rel=\"noopener\"><br \/><\/a><\/p><p><strong>Aansprakelijkheid voor de inhoud<\/strong><br \/>De inhoud van onze pagina&#8217;s is met de grootste zorg samengesteld. Wij kunnen echter niet aansprakelijk worden gesteld voor de juistheid, volledigheid en actualiteit van de inhoud. Als dienstverlener zijn wij volgens \u00a7 7 Abs.1 TMG verantwoordelijk voor onze eigen inhoud op deze pagina&#8217;s volgens de algemene wetten. Volgens \u00a7\u00a7 8 tot 10 TMG zijn wij als dienstverlener niet verplicht om doorgegeven of opgeslagen informatie van derden te controleren of omstandigheden te onderzoeken die wijzen op illegale activiteiten. Verplichtingen tot verwijdering of blokkering van het gebruik van informatie in overeenstemming met de algemene wetten blijven hierdoor onaangetast. Aansprakelijkheid in dit verband is echter alleen mogelijk vanaf het moment dat men op de hoogte is van een concrete overtreding van de wet. Zodra wij op de hoogte zijn van dergelijke inbreuken, zullen wij deze inhoud onmiddellijk verwijderen.<\/p><p><strong>Aansprakelijkheid voor links<\/strong><br \/>Ons aanbod bevat links naar externe websites van derden, op de inhoud waarvan wij geen invloed hebben. Daarom kunnen wij niet aansprakelijk worden gesteld voor deze externe inhoud. Voor de inhoud van de gelinkte pagina&#8217;s is altijd de desbetreffende aanbieder of exploitant van de pagina&#8217;s verantwoordelijk. De gelinkte pagina&#8217;s werden op het moment van linken gecontroleerd op mogelijke wetsovertredingen. Illegale inhoud was niet herkenbaar op het moment van de koppeling. Een permanente controle van de inhoud van de gelinkte pagina&#8217;s is echter niet redelijk zonder concreet bewijs van een wetsovertreding. Wij zullen dergelijke links onmiddellijk verwijderen zodra wij op de hoogte zijn van schendingen van de wet.<\/p><p><strong>copyright<\/strong><br \/>De inhoud en werken op deze pagina&#8217;s die door de exploitanten van de site zijn gemaakt, zijn onderworpen aan het Duitse auteursrecht. Vermenigvuldiging, verwerking, verspreiding en elke vorm van commercialisering van dergelijk materiaal buiten de reikwijdte van de auteurswet vereist de voorafgaande schriftelijke toestemming van de betreffende auteur of maker. Downloads en kopie\u00ebn van deze pagina&#8217;s zijn alleen toegestaan voor priv\u00e9, niet-commercieel gebruik. Voor zover de inhoud van deze site niet door de exploitant is gecre\u00eberd, worden de auteursrechten van derden gerespecteerd. Met name de inhoud van derden is als zodanig gemarkeerd. Mocht u desondanks toch op de hoogte zijn van een inbreuk op het auteursrecht, dan verzoeken wij u ons hiervan op de hoogte te stellen. Zodra wij op de hoogte zijn van schendingen van de wet, zullen wij deze inhoud onmiddellijk verwijderen.<\/p><p><strong>Online beslechting van geschillen overeenkomstig artikel 14, lid 1, ODR-VO:<\/strong><br \/>De Europese Commissie biedt een platform voor online geschillenbeslechting (OS), dat te vinden is op https:\/\/ec.europa.eu\/consumers\/odr\/ .<\/p>\t\t\t\t\t\t\t\t<\/div>\n\t\t\t\t<\/div>\n\t\t\t\t\t<\/div>\n\t\t<\/div>\n\t\t\t\t\t<\/div>\n\t\t<\/section>\n\t\t\t\t<\/div>\n\t\t","protected":false},"excerpt":{"rendered":"<p>Impressum Hotel SonnenuhrHotel-Besitz-und Betriebsgesellschaft \u201e\u00c4lteste Weinstube\u201c Bernkastel mbHKallenfelsstr. 25-2754470 Bernkastel-KuesTelefon: +49 6531 96550Telefax: +49 6531 1432E-Mail:\u00a0info@moselhotel-sonnenuhr.deInternet: www.moselhotel-sonnenuhr.de Vertretungsber. Gesch\u00e4ftsf\u00fchrer: Stefan KrebsRegistergericht: Amtsgericht WittlichRegisternummer: HRB 21460Umsatzsteuer-Id. gem\u00e4\u00df \u00a7 27a UStG: DE149944167 Inhaltlich Verantwortlicher gem\u00e4\u00df \u00a7 6 Abs. 2 MDStV:Stefan Krebs (Anschrift wie oben) Webdesign:\u00a0https:\/\/hartgekocht.netWordPress-programmering:\u00a0https:\/\/wp-spezialist.deVertaling:\u00a0https:\/\/www.deepl.comfoto&#8217;s.:\u00a0https:\/\/tonimedia.de Aansprakelijkheid voor de inhoudDe inhoud van onze pagina&#8217;s is met de grootste [&hellip;]<\/p>\n","protected":false},"author":2,"featured_media":28,"parent":0,"menu_order":0,"comment_status":"closed","ping_status":"closed","template":"","meta":{"_acf_changed":false,"footnotes":""},"class_list":["post-209","page","type-page","status-publish","has-post-thumbnail","hentry"],"acf":[],"yoast_head":"<!-- This site is optimized with the Yoast SEO plugin v27.3 - https:\/\/yoast.com\/product\/yoast-seo-wordpress\/ -->\n<title>Impressum - Moselhotel Sonnenuhr B&amp;B<\/title>\n<meta name=\"robots\" content=\"index, follow, max-snippet:-1, max-image-preview:large, max-video-preview:-1\" \/>\n<link rel=\"canonical\" href=\"https:\/\/moselhotel-sonnenuhr.de\/nl\/impressum\/\" \/>\n<meta property=\"og:locale\" content=\"nl_NL\" \/>\n<meta property=\"og:type\" content=\"article\" \/>\n<meta property=\"og:title\" content=\"Impressum - Moselhotel Sonnenuhr B&amp;B\" \/>\n<meta property=\"og:description\" content=\"Impressum Hotel SonnenuhrHotel-Besitz-und Betriebsgesellschaft \u201e\u00c4lteste Weinstube\u201c Bernkastel mbHKallenfelsstr. 25-2754470 Bernkastel-KuesTelefon: +49 6531 96550Telefax: +49 6531 1432E-Mail:\u00a0info@moselhotel-sonnenuhr.deInternet: www.moselhotel-sonnenuhr.de Vertretungsber. Gesch\u00e4ftsf\u00fchrer: Stefan KrebsRegistergericht: Amtsgericht WittlichRegisternummer: HRB 21460Umsatzsteuer-Id. gem\u00e4\u00df \u00a7 27a UStG: DE149944167 Inhaltlich Verantwortlicher gem\u00e4\u00df \u00a7 6 Abs. 2 MDStV:Stefan Krebs (Anschrift wie oben) Webdesign:\u00a0https:\/\/hartgekocht.netWordPress-programmering:\u00a0https:\/\/wp-spezialist.deVertaling:\u00a0https:\/\/www.deepl.comfoto&#8217;s.:\u00a0https:\/\/tonimedia.de Aansprakelijkheid voor de inhoudDe inhoud van onze pagina&#8217;s is met de grootste [&hellip;]\" \/>\n<meta property=\"og:url\" content=\"https:\/\/moselhotel-sonnenuhr.de\/nl\/impressum\/\" \/>\n<meta property=\"og:site_name\" content=\"Moselhotel Sonnenuhr B&amp;B\" \/>\n<meta property=\"article:publisher\" content=\"https:\/\/www.facebook.com\/hotelmosel\/\" \/>\n<meta property=\"article:modified_time\" content=\"2021-04-27T11:04:15+00:00\" \/>\n<meta property=\"og:image\" content=\"https:\/\/moselhotel-sonnenuhr.de\/wp-content\/uploads\/2018\/09\/moselhotel_header.jpg\" \/>\n\t<meta property=\"og:image:width\" content=\"1540\" \/>\n\t<meta property=\"og:image:height\" content=\"820\" \/>\n\t<meta property=\"og:image:type\" content=\"image\/jpeg\" \/>\n<meta name=\"twitter:card\" content=\"summary_large_image\" \/>\n<meta name=\"twitter:site\" content=\"@moselhotel\" \/>\n<meta name=\"twitter:label1\" content=\"Geschatte leestijd\" \/>\n\t<meta name=\"twitter:data1\" content=\"3 minuten\" \/>\n<script type=\"application\/ld+json\" class=\"yoast-schema-graph\">{\"@context\":\"https:\\\/\\\/schema.org\",\"@graph\":[{\"@type\":\"WebPage\",\"@id\":\"https:\\\/\\\/moselhotel-sonnenuhr.de\\\/nl\\\/impressum\\\/\",\"url\":\"https:\\\/\\\/moselhotel-sonnenuhr.de\\\/nl\\\/impressum\\\/\",\"name\":\"Impressum - Moselhotel Sonnenuhr B&amp;B\",\"isPartOf\":{\"@id\":\"https:\\\/\\\/moselhotel-sonnenuhr.de\\\/#website\"},\"primaryImageOfPage\":{\"@id\":\"https:\\\/\\\/moselhotel-sonnenuhr.de\\\/nl\\\/impressum\\\/#primaryimage\"},\"image\":{\"@id\":\"https:\\\/\\\/moselhotel-sonnenuhr.de\\\/nl\\\/impressum\\\/#primaryimage\"},\"thumbnailUrl\":\"https:\\\/\\\/moselhotel-sonnenuhr.de\\\/wp-content\\\/uploads\\\/2018\\\/09\\\/moselhotel_header.jpg\",\"datePublished\":\"2018-10-04T11:08:37+00:00\",\"dateModified\":\"2021-04-27T11:04:15+00:00\",\"breadcrumb\":{\"@id\":\"https:\\\/\\\/moselhotel-sonnenuhr.de\\\/nl\\\/impressum\\\/#breadcrumb\"},\"inLanguage\":\"nl-NL\",\"potentialAction\":[{\"@type\":\"ReadAction\",\"target\":[\"https:\\\/\\\/moselhotel-sonnenuhr.de\\\/nl\\\/impressum\\\/\"]}]},{\"@type\":\"ImageObject\",\"inLanguage\":\"nl-NL\",\"@id\":\"https:\\\/\\\/moselhotel-sonnenuhr.de\\\/nl\\\/impressum\\\/#primaryimage\",\"url\":\"https:\\\/\\\/moselhotel-sonnenuhr.de\\\/wp-content\\\/uploads\\\/2018\\\/09\\\/moselhotel_header.jpg\",\"contentUrl\":\"https:\\\/\\\/moselhotel-sonnenuhr.de\\\/wp-content\\\/uploads\\\/2018\\\/09\\\/moselhotel_header.jpg\",\"width\":1540,\"height\":820,\"caption\":\"Blick von Wehlen auf die Zeltinger Sonnenuhr\"},{\"@type\":\"BreadcrumbList\",\"@id\":\"https:\\\/\\\/moselhotel-sonnenuhr.de\\\/nl\\\/impressum\\\/#breadcrumb\",\"itemListElement\":[{\"@type\":\"ListItem\",\"position\":1,\"name\":\"Startseite\",\"item\":\"https:\\\/\\\/moselhotel-sonnenuhr.de\\\/\"},{\"@type\":\"ListItem\",\"position\":2,\"name\":\"Impressum\"}]},{\"@type\":\"WebSite\",\"@id\":\"https:\\\/\\\/moselhotel-sonnenuhr.de\\\/#website\",\"url\":\"https:\\\/\\\/moselhotel-sonnenuhr.de\\\/\",\"name\":\"Moselhotel Sonnenuhr\",\"description\":\"Das Hotel an der Mosel in Bernkastel-Wehlen\",\"publisher\":{\"@id\":\"https:\\\/\\\/moselhotel-sonnenuhr.de\\\/#organization\"},\"potentialAction\":[{\"@type\":\"SearchAction\",\"target\":{\"@type\":\"EntryPoint\",\"urlTemplate\":\"https:\\\/\\\/moselhotel-sonnenuhr.de\\\/?s={search_term_string}\"},\"query-input\":{\"@type\":\"PropertyValueSpecification\",\"valueRequired\":true,\"valueName\":\"search_term_string\"}}],\"inLanguage\":\"nl-NL\"},{\"@type\":\"Organization\",\"@id\":\"https:\\\/\\\/moselhotel-sonnenuhr.de\\\/#organization\",\"name\":\"Moselhotel Sonnenuhr\",\"url\":\"https:\\\/\\\/moselhotel-sonnenuhr.de\\\/\",\"logo\":{\"@type\":\"ImageObject\",\"inLanguage\":\"nl-NL\",\"@id\":\"https:\\\/\\\/moselhotel-sonnenuhr.de\\\/#\\\/schema\\\/logo\\\/image\\\/\",\"url\":\"https:\\\/\\\/moselhotel-sonnenuhr.de\\\/wp-content\\\/uploads\\\/logos\\\/MHS_Logo_RGB.svg\",\"contentUrl\":\"https:\\\/\\\/moselhotel-sonnenuhr.de\\\/wp-content\\\/uploads\\\/logos\\\/MHS_Logo_RGB.svg\",\"width\":224,\"height\":129,\"caption\":\"Moselhotel Sonnenuhr\"},\"image\":{\"@id\":\"https:\\\/\\\/moselhotel-sonnenuhr.de\\\/#\\\/schema\\\/logo\\\/image\\\/\"},\"sameAs\":[\"https:\\\/\\\/www.facebook.com\\\/hotelmosel\\\/\",\"https:\\\/\\\/x.com\\\/moselhotel\",\"https:\\\/\\\/www.instagram.com\\\/moselhotel\\\/\",\"https:\\\/\\\/www.youtube.com\\\/channel\\\/UCcRPLv0w3vpTtr01zDX2NRg\"]}]}<\/script>\n<!-- \/ Yoast SEO plugin. -->","yoast_head_json":{"title":"Impressum - Moselhotel Sonnenuhr B&amp;B","robots":{"index":"index","follow":"follow","max-snippet":"max-snippet:-1","max-image-preview":"max-image-preview:large","max-video-preview":"max-video-preview:-1"},"canonical":"https:\/\/moselhotel-sonnenuhr.de\/nl\/impressum\/","og_locale":"nl_NL","og_type":"article","og_title":"Impressum - Moselhotel Sonnenuhr B&amp;B","og_description":"Impressum Hotel SonnenuhrHotel-Besitz-und Betriebsgesellschaft \u201e\u00c4lteste Weinstube\u201c Bernkastel mbHKallenfelsstr. 25-2754470 Bernkastel-KuesTelefon: +49 6531 96550Telefax: +49 6531 1432E-Mail:\u00a0info@moselhotel-sonnenuhr.deInternet: www.moselhotel-sonnenuhr.de Vertretungsber. Gesch\u00e4ftsf\u00fchrer: Stefan KrebsRegistergericht: Amtsgericht WittlichRegisternummer: HRB 21460Umsatzsteuer-Id. gem\u00e4\u00df \u00a7 27a UStG: DE149944167 Inhaltlich Verantwortlicher gem\u00e4\u00df \u00a7 6 Abs. 2 MDStV:Stefan Krebs (Anschrift wie oben) Webdesign:\u00a0https:\/\/hartgekocht.netWordPress-programmering:\u00a0https:\/\/wp-spezialist.deVertaling:\u00a0https:\/\/www.deepl.comfoto&#8217;s.:\u00a0https:\/\/tonimedia.de Aansprakelijkheid voor de inhoudDe inhoud van onze pagina&#8217;s is met de grootste [&hellip;]","og_url":"https:\/\/moselhotel-sonnenuhr.de\/nl\/impressum\/","og_site_name":"Moselhotel Sonnenuhr B&amp;B","article_publisher":"https:\/\/www.facebook.com\/hotelmosel\/","article_modified_time":"2021-04-27T11:04:15+00:00","og_image":[{"width":1540,"height":820,"url":"https:\/\/moselhotel-sonnenuhr.de\/wp-content\/uploads\/2018\/09\/moselhotel_header.jpg","type":"image\/jpeg"}],"twitter_card":"summary_large_image","twitter_site":"@moselhotel","twitter_misc":{"Geschatte leestijd":"3 minuten"},"schema":{"@context":"https:\/\/schema.org","@graph":[{"@type":"WebPage","@id":"https:\/\/moselhotel-sonnenuhr.de\/nl\/impressum\/","url":"https:\/\/moselhotel-sonnenuhr.de\/nl\/impressum\/","name":"Impressum - Moselhotel Sonnenuhr B&amp;B","isPartOf":{"@id":"https:\/\/moselhotel-sonnenuhr.de\/#website"},"primaryImageOfPage":{"@id":"https:\/\/moselhotel-sonnenuhr.de\/nl\/impressum\/#primaryimage"},"image":{"@id":"https:\/\/moselhotel-sonnenuhr.de\/nl\/impressum\/#primaryimage"},"thumbnailUrl":"https:\/\/moselhotel-sonnenuhr.de\/wp-content\/uploads\/2018\/09\/moselhotel_header.jpg","datePublished":"2018-10-04T11:08:37+00:00","dateModified":"2021-04-27T11:04:15+00:00","breadcrumb":{"@id":"https:\/\/moselhotel-sonnenuhr.de\/nl\/impressum\/#breadcrumb"},"inLanguage":"nl-NL","potentialAction":[{"@type":"ReadAction","target":["https:\/\/moselhotel-sonnenuhr.de\/nl\/impressum\/"]}]},{"@type":"ImageObject","inLanguage":"nl-NL","@id":"https:\/\/moselhotel-sonnenuhr.de\/nl\/impressum\/#primaryimage","url":"https:\/\/moselhotel-sonnenuhr.de\/wp-content\/uploads\/2018\/09\/moselhotel_header.jpg","contentUrl":"https:\/\/moselhotel-sonnenuhr.de\/wp-content\/uploads\/2018\/09\/moselhotel_header.jpg","width":1540,"height":820,"caption":"Blick von Wehlen auf die Zeltinger Sonnenuhr"},{"@type":"BreadcrumbList","@id":"https:\/\/moselhotel-sonnenuhr.de\/nl\/impressum\/#breadcrumb","itemListElement":[{"@type":"ListItem","position":1,"name":"Startseite","item":"https:\/\/moselhotel-sonnenuhr.de\/"},{"@type":"ListItem","position":2,"name":"Impressum"}]},{"@type":"WebSite","@id":"https:\/\/moselhotel-sonnenuhr.de\/#website","url":"https:\/\/moselhotel-sonnenuhr.de\/","name":"Moselhotel Sonnenuhr","description":"Das Hotel an der Mosel in Bernkastel-Wehlen","publisher":{"@id":"https:\/\/moselhotel-sonnenuhr.de\/#organization"},"potentialAction":[{"@type":"SearchAction","target":{"@type":"EntryPoint","urlTemplate":"https:\/\/moselhotel-sonnenuhr.de\/?s={search_term_string}"},"query-input":{"@type":"PropertyValueSpecification","valueRequired":true,"valueName":"search_term_string"}}],"inLanguage":"nl-NL"},{"@type":"Organization","@id":"https:\/\/moselhotel-sonnenuhr.de\/#organization","name":"Moselhotel Sonnenuhr","url":"https:\/\/moselhotel-sonnenuhr.de\/","logo":{"@type":"ImageObject","inLanguage":"nl-NL","@id":"https:\/\/moselhotel-sonnenuhr.de\/#\/schema\/logo\/image\/","url":"https:\/\/moselhotel-sonnenuhr.de\/wp-content\/uploads\/logos\/MHS_Logo_RGB.svg","contentUrl":"https:\/\/moselhotel-sonnenuhr.de\/wp-content\/uploads\/logos\/MHS_Logo_RGB.svg","width":224,"height":129,"caption":"Moselhotel Sonnenuhr"},"image":{"@id":"https:\/\/moselhotel-sonnenuhr.de\/#\/schema\/logo\/image\/"},"sameAs":["https:\/\/www.facebook.com\/hotelmosel\/","https:\/\/x.com\/moselhotel","https:\/\/www.instagram.com\/moselhotel\/","https:\/\/www.youtube.com\/channel\/UCcRPLv0w3vpTtr01zDX2NRg"]}]}},"_links":{"self":[{"href":"https:\/\/moselhotel-sonnenuhr.de\/nl\/wp-json\/wp\/v2\/pages\/209","targetHints":{"allow":["GET"]}}],"collection":[{"href":"https:\/\/moselhotel-sonnenuhr.de\/nl\/wp-json\/wp\/v2\/pages"}],"about":[{"href":"https:\/\/moselhotel-sonnenuhr.de\/nl\/wp-json\/wp\/v2\/types\/page"}],"author":[{"embeddable":true,"href":"https:\/\/moselhotel-sonnenuhr.de\/nl\/wp-json\/wp\/v2\/users\/2"}],"replies":[{"embeddable":true,"href":"https:\/\/moselhotel-sonnenuhr.de\/nl\/wp-json\/wp\/v2\/comments?post=209"}],"version-history":[{"count":0,"href":"https:\/\/moselhotel-sonnenuhr.de\/nl\/wp-json\/wp\/v2\/pages\/209\/revisions"}],"wp:featuredmedia":[{"embeddable":true,"href":"https:\/\/moselhotel-sonnenuhr.de\/nl\/wp-json\/wp\/v2\/media\/28"}],"wp:attachment":[{"href":"https:\/\/moselhotel-sonnenuhr.de\/nl\/wp-json\/wp\/v2\/media?parent=209"}],"curies":[{"name":"wp","href":"https:\/\/api.w.org\/{rel}","templated":true}]}}